{"id":3331,"date":"2020-12-03T16:56:23","date_gmt":"2020-12-03T16:56:23","guid":{"rendered":"http:\/\/cinnamon-yoga.com\/?page_id=3331"},"modified":"2022-05-29T01:49:53","modified_gmt":"2022-05-29T01:49:53","slug":"pood","status":"publish","type":"page","link":"https:\/\/www.cinnamon-yoga.com\/en\/home\/pood\/","title":{"rendered":"Kinkekaardi leht"},"content":{"rendered":"<div data-elementor-type=\"wp-page\" data-elementor-id=\"3331\" class=\"elementor elementor-3331\" data-elementor-post-type=\"page\">\n\t\t\t\t\t\t<section class=\"elementor-section elementor-top-section elementor-element elementor-element-d632fed elementor-section-full_width elementor-section-stretched elementor-section-height-default elementor-section-height-default\" data-id=\"d632fed\" data-element_type=\"section\" data-e-type=\"section\" data-settings=\"{&quot;background_background&quot;:&quot;classic&quot;,&quot;stretch_section&quot;:&quot;section-stretched&quot;}\">\n\t\t\t\t\t\t\t<div class=\"elementor-background-overlay\"><\/div>\n\t\t\t\t\t\t\t<div class=\"elementor-container elementor-column-gap-no\">\n\t\t\t\t\t<div class=\"elementor-column elementor-col-100 elementor-top-column elementor-element elementor-element-92d5625\" data-id=\"92d5625\" data-element_type=\"column\" data-e-type=\"column\">\n\t\t\t<div class=\"elementor-widget-wrap elementor-element-populated\">\n\t\t\t\t\t\t<div class=\"elementor-element elementor-element-ac6a9fd elementor-widget elementor-widget-spacer\" data-id=\"ac6a9fd\" data-element_type=\"widget\" data-e-type=\"widget\" data-widget_type=\"spacer.default\">\n\t\t\t\t<div class=\"elementor-widget-container\">\n\t\t\t\t\t\t\t<div class=\"elementor-spacer\">\n\t\t\t<div class=\"elementor-spacer-inner\"><\/div>\n\t\t<\/div>\n\t\t\t\t\t\t<\/div>\n\t\t\t\t<\/div>\n\t\t\t\t<div class=\"elementor-element elementor-element-2264ca2 elementor-widget elementor-widget-heading\" data-id=\"2264ca2\" data-element_type=\"widget\" data-e-type=\"widget\" data-widget_type=\"heading.default\">\n\t\t\t\t<div class=\"elementor-widget-container\">\n\t\t\t\t\t<h1 class=\"elementor-heading-title elementor-size-default\">Pood<\/h1>\t\t\t\t<\/div>\n\t\t\t\t<\/div>\n\t\t\t\t<div class=\"elementor-element elementor-element-cd5011f elementor-widget elementor-widget-spacer\" data-id=\"cd5011f\" data-element_type=\"widget\" data-e-type=\"widget\" data-widget_type=\"spacer.default\">\n\t\t\t\t<div class=\"elementor-widget-container\">\n\t\t\t\t\t\t\t<div class=\"elementor-spacer\">\n\t\t\t<div class=\"elementor-spacer-inner\"><\/div>\n\t\t<\/div>\n\t\t\t\t\t\t<\/div>\n\t\t\t\t<\/div>\n\t\t\t\t<div class=\"elementor-element elementor-element-ba969eb elementor-view-default elementor-widget elementor-widget-icon\" data-id=\"ba969eb\" data-element_type=\"widget\" data-e-type=\"widget\" data-widget_type=\"icon.default\">\n\t\t\t\t<div class=\"elementor-widget-container\">\n\t\t\t\t\t\t\t<div class=\"elementor-icon-wrapper\">\n\t\t\t<a class=\"elementor-icon elementor-animation-grow\" href=\"#loeedasi\">\n\t\t\t<svg aria-hidden=\"true\" class=\"e-font-icon-svg e-fas-chevron-down\" viewbox=\"0 0 448 512\" xmlns=\"http:\/\/www.w3.org\/2000\/svg\"><path d=\"M207.029 381.476L12.686 187.132c-9.373-9.373-9.373-24.569 0-33.941l22.667-22.667c9.357-9.357 24.522-9.375 33.901-.04L224 284.505l154.745-154.021c9.379-9.335 24.544-9.317 33.901.04l22.667 22.667c9.373 9.373 9.373 24.569 0 33.941L240.971 381.476c-9.373 9.372-24.569 9.372-33.942 0z\"><\/path><\/svg>\t\t\t<\/a>\n\t\t<\/div>\n\t\t\t\t\t\t<\/div>\n\t\t\t\t<\/div>\n\t\t\t\t<div class=\"elementor-element elementor-element-ea6b8d7 elementor-widget elementor-widget-spacer\" data-id=\"ea6b8d7\" data-element_type=\"widget\" data-e-type=\"widget\" data-widget_type=\"spacer.default\">\n\t\t\t\t<div class=\"elementor-widget-container\">\n\t\t\t\t\t\t\t<div class=\"elementor-spacer\">\n\t\t\t<div class=\"elementor-spacer-inner\"><\/div>\n\t\t<\/div>\n\t\t\t\t\t\t<\/div>\n\t\t\t\t<\/div>\n\t\t\t\t\t<\/div>\n\t\t<\/div>\n\t\t\t\t\t<\/div>\n\t\t<\/section>\n\t\t\t\t<section class=\"elementor-section elementor-top-section elementor-element elementor-element-9b73c27 elementor-section-boxed elementor-section-height-default elementor-section-height-default\" data-id=\"9b73c27\" data-element_type=\"section\" data-e-type=\"section\">\n\t\t\t\t\t\t<div class=\"elementor-container elementor-column-gap-default\">\n\t\t\t\t\t<div class=\"elementor-column elementor-col-16 elementor-top-column elementor-element elementor-element-fba4473\" data-id=\"fba4473\" data-element_type=\"column\" data-e-type=\"column\">\n\t\t\t<div class=\"elementor-widget-wrap\">\n\t\t\t\t\t\t\t<\/div>\n\t\t<\/div>\n\t\t\t\t<div class=\"elementor-column elementor-col-66 elementor-top-column elementor-element elementor-element-92f3abb\" data-id=\"92f3abb\" data-element_type=\"column\" data-e-type=\"column\">\n\t\t\t<div class=\"elementor-widget-wrap elementor-element-populated\">\n\t\t\t\t\t\t<div class=\"elementor-element elementor-element-9a7918f elementor-widget elementor-widget-spacer\" data-id=\"9a7918f\" data-element_type=\"widget\" data-e-type=\"widget\" data-widget_type=\"spacer.default\">\n\t\t\t\t<div class=\"elementor-widget-container\">\n\t\t\t\t\t\t\t<div class=\"elementor-spacer\">\n\t\t\t<div class=\"elementor-spacer-inner\"><\/div>\n\t\t<\/div>\n\t\t\t\t\t\t<\/div>\n\t\t\t\t<\/div>\n\t\t\t\t<div class=\"elementor-element elementor-element-6a0f3c6 elementor-widget elementor-widget-menu-anchor\" data-id=\"6a0f3c6\" data-element_type=\"widget\" data-e-type=\"widget\" data-widget_type=\"menu-anchor.default\">\n\t\t\t\t<div class=\"elementor-widget-container\">\n\t\t\t\t\t\t\t<div class=\"elementor-menu-anchor\" id=\"loeedasi\"><\/div>\n\t\t\t\t\t\t<\/div>\n\t\t\t\t<\/div>\n\t\t\t\t<div class=\"elementor-element elementor-element-dba6a19 elementor-widget elementor-widget-heading\" data-id=\"dba6a19\" data-element_type=\"widget\" data-e-type=\"widget\" data-widget_type=\"heading.default\">\n\t\t\t\t<div class=\"elementor-widget-container\">\n\t\t\t\t\t<h1 class=\"elementor-heading-title elementor-size-default\">Give the gift of healthy habits<\/h1>\t\t\t\t<\/div>\n\t\t\t\t<\/div>\n\t\t\t\t<div class=\"elementor-element elementor-element-eb65159 elementor-widget elementor-widget-text-editor\" data-id=\"eb65159\" data-element_type=\"widget\" data-e-type=\"widget\" data-widget_type=\"text-editor.default\">\n\t\t\t\t<div class=\"elementor-widget-container\">\n\t\t\t\t\t\t\t\t\t<p style=\"text-align: left;\">A yoga class is an excellent gift for someone who would like to start with practicing yoga yet doesn't know how to. Likely he\/she would like to feel safe, ask questions and be seen &amp; heard.\u00a0<\/p><p style=\"text-align: left;\">The holder of the gift card will learn:<\/p><ul style=\"text-align: left;\"><li>Which yoga style is most suitable for her\/him<\/li><li>Why one should be cautious with practicing yoga?<\/li><li>How often should one practice yoga to see a change?<\/li><li>Is it necessary to become spiritual once you practice yoga?<\/li><li>How does yoga really impact both body and mind?<\/li><\/ul><p style=\"text-align: left;\">Additionally a personalized yoga practice that meets the level and the needs of the gift receiver.<\/p><p style=\"text-align: left;\">A perfect gift for your loved one or a friend that you care for and whose health matters to you.<\/p><p style=\"text-align: left;\"><strong>Fill out the form below with the name of the gift receiver, so that I can send you the gift card directly to your home address.<\/strong><\/p>\t\t\t\t\t\t\t\t<\/div>\n\t\t\t\t<\/div>\n\t\t\t\t<div class=\"elementor-element elementor-element-61ef68e elementor-widget elementor-widget-shortcode\" data-id=\"61ef68e\" data-element_type=\"widget\" data-e-type=\"widget\" data-widget_type=\"shortcode.default\">\n\t\t\t\t<div class=\"elementor-widget-container\">\n\t\t\t\t\t\t\t<div class=\"elementor-shortcode\">        <div class=\"wpf_form_wrapper wpf_form_wrapper_3330\">\n                                                <form  data-wpf_form_id='3330' wpf_form_instance='wpf_form_instance_3330_1' class='wpf_form wpf_form_instance_3330_1 wpf_strip_default_style wpf_form_id_3330 wpf_label_top wpf_asterisk_none wpf_submit_button_pos_left wpf_default_form_styles' method='POST' action='https:\/\/www.cinnamon-yoga.com\/en\/' id='wpf_form_id_3330' data-trp-original-action=\"https:\/\/www.cinnamon-yoga.com\" >\n                        <span style=\"display: none !important;\"><input type=\"checkbox\" name=\"item__3330__wppay_checkme_\" value=\"1\"\n                                                       style=\"display: none !important;\" tabindex=\"-1\"><\/span>\n                        <input type=\"hidden\" name=\"__wpf_form_id\" value=\"3330\" \/>\n                <input type=\"hidden\" name=\"__wpf_current_url\" value=\"https:\/\/www.cinnamon-yoga.com\/en\/wp-json\/wp\/v2\/pages\/3331\">\n                <input type=\"hidden\" name=\"__wpf_current_page_id\" value=\"3331\">\n                                    <div data-element_type=\"customer_name\"\n             class=\"wpf_form_group wpf_item_text\" style=\"display: \">\n                        <div class=\"wpf_input_content\">\n                <input  data-required=\"yes\" data-type=\"input\" name=\"customer_name\" condition_id=\"customer_name\" placeholder=\"Your first and last name\" value=\"\" type=\"text\" class=\"wpf_form_control\" id=\"wpf_input_3330_customer_name\" required=\"1\"  \/>\n            <\/div>\n        <\/div>\n                <div data-element_type=\"customer_email\"\n             class=\"wpf_form_group wpf_item_email\" style=\"display: \">\n                        <div class=\"wpf_input_content\">\n                <input  data-required=\"yes\" data-type=\"input\" name=\"customer_email\" condition_id=\"customer_email\" placeholder=\"Your email address\" value=\"\" type=\"email\" class=\"wpf_form_control wpf_customer_email\" id=\"wpf_input_3330_customer_email\" required=\"1\"  \/>\n            <\/div>\n        <\/div>\n                <div data-element_type=\"text\"\n             class=\"wpf_form_group wpf_item_text\" style=\"display: \">\n                        <div class=\"wpf_input_content\">\n                <input  data-required=\"yes\" data-type=\"input\" name=\"text\" condition_id=\"text\" placeholder=\"Your address\" value=\"\" type=\"text\" class=\"wpf_form_control\" id=\"wpf_input_3330_text\" required=\"1\"  \/>\n            <\/div>\n        <\/div>\n                <div data-element_type=\"text\"\n             class=\"wpf_form_group wpf_item_text\" style=\"display: \">\n                        <div class=\"wpf_input_content\">\n                <input  data-required=\"yes\" data-type=\"input\" name=\"text_1\" condition_id=\"text_1\" placeholder=\"The name of the gift receiver\" value=\"\" type=\"text\" class=\"wpf_form_control\" id=\"wpf_input_3330_text_1\" required=\"1\"  \/>\n            <\/div>\n        <\/div>\n                <div style=\"display : \"  data-element_type=\"payment_item\" data-required_element=\"radio\" data-required=\"yes\" data-target_element=\"payment_item\" required_id=\"payment_item\" class=\"wpf_form_group wpf_item_payment_item\" >\n                        <div class=\"wpf_input_label\">\n                <label  for=\"wpf_payment_item\" >Choose the sum of the gift card<\/label>\n            <\/div>\n                                <div class=\"wpf_multi_form_controls wpf_input_content wpf_multi_form_controls_radio wpf_payment_item_vertical\">\n                                    \n                    <div class=\"wpf_payment_item_components\" data-toggle_payment_item_radiobox=\"\">\n                        \n                        <div class=\"form-check wpf-no-image\">\n                            <input  class=\"form-check-input wpf_payment_item\" type=\"radio\" data-price=\"5000\" name=\"payment_item\" id=\"payment_item_0_3330\" value=\"0\" customname=\"50 euro v\u00e4\u00e4rtuses\" >\n                            <label class=\"form-check-label\" for=\"payment_item_0_3330\">\n                                <span class=\"wpf_price_option_name\" itemprop=\"description\">Gift card value: 50 \u20ac<\/span>\n                                <span class=\"wpf_price_option_sep\">&nbsp;-&nbsp;<\/span>\n                                <span class=\"wpf_price_option_price\">\u20ac50<\/span>\n                                <meta itemprop=\"price\" content=\"50\">\n                            <\/label>\n                        <\/div>\n                    <\/div>\n                                    \n                    <div class=\"wpf_payment_item_components\" data-toggle_payment_item_radiobox=\"\">\n                        \n                        <div class=\"form-check wpf-no-image\">\n                            <input  class=\"form-check-input wpf_payment_item\" type=\"radio\" data-price=\"10000\" name=\"payment_item\" id=\"payment_item_1_3330\" value=\"1\" customname=\"100 euro v\u00e4\u00e4rtuses\" >\n                            <label class=\"form-check-label\" for=\"payment_item_1_3330\">\n                                <span class=\"wpf_price_option_name\" itemprop=\"description\">Gift card value: 100 \u20ac<\/span>\n                                <span class=\"wpf_price_option_sep\">&nbsp;-&nbsp;<\/span>\n                                <span class=\"wpf_price_option_price\">\u20ac100<\/span>\n                                <meta itemprop=\"price\" content=\"100\">\n                            <\/label>\n                        <\/div>\n                    <\/div>\n                                    \n                    <div class=\"wpf_payment_item_components\" data-toggle_payment_item_radiobox=\"\">\n                        \n                        <div class=\"form-check wpf-no-image\">\n                            <input  class=\"form-check-input wpf_payment_item\" type=\"radio\" data-price=\"39000\" name=\"payment_item\" id=\"payment_item_2_3330\" value=\"2\" customname=\"Individuaalne joogakava \" >\n                            <label class=\"form-check-label\" for=\"payment_item_2_3330\">\n                                <span class=\"wpf_price_option_name\" itemprop=\"description\">Personalized yoga program <\/span>\n                                <span class=\"wpf_price_option_sep\">&nbsp;-&nbsp;<\/span>\n                                <span class=\"wpf_price_option_price\">\u20ac390<\/span>\n                                <meta itemprop=\"price\" content=\"390\">\n                            <\/label>\n                        <\/div>\n                    <\/div>\n                            <\/div>\n            <\/div>\n<div style=\"display:none !important; visibility: hidden !important;\"  data-checkout_style=\"stripe_checkout\" data-wpf_payment_method=\"stripe\" class=\"wpf_stripe_card_element\" data-verify_zip=\"no\" data-require_billing_info=\"no\"><\/div>                \n                \n                \n                <div class=\"wpf_form_group wpf_form_submissions\" style=\"margin-top: 20px;\">\n                    <button  id='stripe_form_submit_3330' disabled='1' class='wpf_submit_button' >\n                        <span class=\"wpf_txt_normal\">Place an order<\/span>\n                        <span style=\"display: none;\" class=\"wpf_txt_loading\">\n                            A little patience please...                        <\/span>\n                    <\/button>\n                    <div class=\"wpf_loading_svg\">\n                        <svg version=\"1.1\" id=\"loader-1\" xmlns=\"http:\/\/www.w3.org\/2000\/svg\" xmlns:xlink=\"http:\/\/www.w3.org\/1999\/xlink\" x=\"0px\" y=\"0px\" width=\"30px\" height=\"30px\" viewbox=\"0 0 40 40\" enable-background=\"new 0 0 40 40\" xml:space=\"preserve\">\n                            <path opacity=\"0.2\" fill=\"#000\" d=\"M20.201,5.169c-8.254,0-14.946,6.692-14.946,14.946c0,8.255,6.692,14.946,14.946,14.946 s14.946-6.691,14.946-14.946C35.146,11.861,28.455,5.169,20.201,5.169z M20.201,31.749c-6.425,0-11.634-5.208-11.634-11.634 c0-6.425,5.209-11.634,11.634-11.634c6.425,0,11.633,5.209,11.633,11.634C31.834,26.541,26.626,31.749,20.201,31.749z\" \/>\n                            <path fill=\"#000\" d=\"M26.013,10.047l1.654-2.866c-2.198-1.272-4.743-2.012-7.466-2.012h0v3.312h0 C22.32,8.481,24.301,9.057,26.013,10.047z\">\n                                <animatetransform attributetype=\"xml\" attributename=\"transform\" type=\"rotate\" from=\"0 20 20\" to=\"360 20 20\" dur=\"0.5s\" repeatcount=\"indefinite\" \/>\n                            <\/path>\n                        <\/svg>\n                    <\/div>\n                <\/div>\n                            <input type=\"hidden\" name=\"trp-form-language\" value=\"en\"\/><\/form>\n                            <div style=\"display: none\" class=\"wpf_form_notices\"><\/div>\n                                            <\/div>\n\n         <\/div>\n\t\t\t\t\t\t<\/div>\n\t\t\t\t<\/div>\n\t\t\t\t\t<\/div>\n\t\t<\/div>\n\t\t\t\t<div class=\"elementor-column elementor-col-16 elementor-top-column elementor-element elementor-element-f9c4bce\" data-id=\"f9c4bce\" data-element_type=\"column\" data-e-type=\"column\">\n\t\t\t<div class=\"elementor-widget-wrap\">\n\t\t\t\t\t\t\t<\/div>\n\t\t<\/div>\n\t\t\t\t\t<\/div>\n\t\t<\/section>\n\t\t\t\t<section class=\"elementor-section elementor-top-section elementor-element elementor-element-4eeef1a elementor-section-stretched elementor-section-height-min-height elementor-section-full_width elementor-section-height-default elementor-section-items-middle\" data-id=\"4eeef1a\" data-element_type=\"section\" data-e-type=\"section\" data-settings=\"{&quot;background_background&quot;:&quot;classic&quot;,&quot;stretch_section&quot;:&quot;section-stretched&quot;}\">\n\t\t\t\t\t\t<div class=\"elementor-container elementor-column-gap-no\">\n\t\t\t\t\t<div class=\"elementor-column elementor-col-100 elementor-top-column elementor-element elementor-element-5d592c8\" data-id=\"5d592c8\" data-element_type=\"column\" data-e-type=\"column\">\n\t\t\t<div class=\"elementor-widget-wrap\">\n\t\t\t\t\t\t\t<\/div>\n\t\t<\/div>\n\t\t\t\t\t<\/div>\n\t\t<\/section>\n\t\t\t\t<\/div>","protected":false},"excerpt":{"rendered":"<p>Pood Kingi tervislikke harjumusi Joogatund on sobiv kingitus kellegile, kes sooviks teha algust joogaga, kuid ei tea t\u00e4pselt milline see algus olla v\u00f5iks. Ilmselt on tema soov tunda end turvaliselt, k\u00fcsida k\u00fcsimusi ning olla kuuldud ja n\u00e4htud.\u00a0 Kinkekaardi omanik saab teada: Milline joogastiil sobib k\u00f5ige enam? Miks tasub olla joogaga ettevaatlik? Kui tihti tuleks joogat [&hellip;]<\/p>\n","protected":false},"author":1,"featured_media":0,"parent":2152,"menu_order":0,"comment_status":"closed","ping_status":"closed","template":"elementor_header_footer","meta":{"_acf_changed":false,"_surecart_dashboard_logo_width":"180px","_surecart_dashboard_show_logo":true,"_surecart_dashboard_navigation_orders":true,"_surecart_dashboard_navigation_invoices":true,"_surecart_dashboard_navigation_subscriptions":true,"_surecart_dashboard_navigation_downloads":true,"_surecart_dashboard_navigation_billing":true,"_surecart_dashboard_navigation_account":true,"footnotes":""},"class_list":["post-3331","page","type-page","status-publish","hentry"],"acf":[],"_links":{"self":[{"href":"https:\/\/www.cinnamon-yoga.com\/en\/wp-json\/wp\/v2\/pages\/3331","targetHints":{"allow":["GET"]}}],"collection":[{"href":"https:\/\/www.cinnamon-yoga.com\/en\/wp-json\/wp\/v2\/pages"}],"about":[{"href":"https:\/\/www.cinnamon-yoga.com\/en\/wp-json\/wp\/v2\/types\/page"}],"author":[{"embeddable":true,"href":"https:\/\/www.cinnamon-yoga.com\/en\/wp-json\/wp\/v2\/users\/1"}],"replies":[{"embeddable":true,"href":"https:\/\/www.cinnamon-yoga.com\/en\/wp-json\/wp\/v2\/comments?post=3331"}],"version-history":[{"count":0,"href":"https:\/\/www.cinnamon-yoga.com\/en\/wp-json\/wp\/v2\/pages\/3331\/revisions"}],"up":[{"embeddable":true,"href":"https:\/\/www.cinnamon-yoga.com\/en\/wp-json\/wp\/v2\/pages\/2152"}],"wp:attachment":[{"href":"https:\/\/www.cinnamon-yoga.com\/en\/wp-json\/wp\/v2\/media?parent=3331"}],"curies":[{"name":"wp","href":"https:\/\/api.w.org\/{rel}","templated":true}]}}