{"id":5065,"date":"2023-05-06T09:39:10","date_gmt":"2023-05-06T09:39:10","guid":{"rendered":"https:\/\/cinnamon-yoga.com\/thank-you\/"},"modified":"2025-07-24T13:07:21","modified_gmt":"2025-07-24T13:07:21","slug":"thank-you","status":"publish","type":"page","link":"https:\/\/www.cinnamon-yoga.com\/en\/thank-you\/","title":{"rendered":"Thank You"},"content":{"rendered":"<div data-elementor-type=\"wp-page\" data-elementor-id=\"5065\" class=\"elementor elementor-5065\" data-elementor-post-type=\"page\">\n\t\t\t\t<div class=\"elementor-element elementor-element-5b77cc36 e-flex e-con-boxed e-con e-parent\" data-id=\"5b77cc36\" data-element_type=\"container\" data-e-type=\"container\">\n\t\t\t\t\t<div class=\"e-con-inner\">\n\t\t\t\t<div class=\"elementor-element elementor-element-6867434 elementor-widget elementor-widget-heading\" data-id=\"6867434\" data-element_type=\"widget\" data-e-type=\"widget\" data-widget_type=\"heading.default\">\n\t\t\t\t<div class=\"elementor-widget-container\">\n\t\t\t\t\t<h1 class=\"elementor-heading-title elementor-size-default\">Ait\u00e4h, sinu liitumine \u00f5nnestus.<\/h1>\t\t\t\t<\/div>\n\t\t\t\t<\/div>\n\t\t\t\t<div class=\"elementor-element elementor-element-129c266 elementor-widget elementor-widget-text-editor\" data-id=\"129c266\" data-element_type=\"widget\" data-e-type=\"widget\" data-widget_type=\"text-editor.default\">\n\t\t\t\t<div class=\"elementor-widget-container\">\n\t\t\t\t\t\t\t\t\t<p>Mul on hea meel, et astusid sammukese l\u00e4hemale paremale tervisele! <br \/>Saatsime sulle kinnituse e-postile. K\u00fcsimuste korral v\u00f5ta minuga otse \u00fchendust <a href=\"mailto:liisianne@cinnamon-yoga.com\"><strong>liisianne@cinnamon-yoga.com.<\/strong><\/a><br \/>Liitumise saad igal ajal ise l\u00f5petada oma <a href=\"https:\/\/flou.ee\/customer-dashboard\/\" target=\"_blank\" rel=\"noopener\">konto iseteeninduse lehel.<\/a><\/p>\t\t\t\t\t\t\t\t<\/div>\n\t\t\t\t<\/div>\n\t\t\t\t<div class=\"elementor-element elementor-element-0111a7d elementor-align-center elementor-widget elementor-widget-button\" data-id=\"0111a7d\" data-element_type=\"widget\" data-e-type=\"widget\" data-widget_type=\"button.default\">\n\t\t\t\t<div class=\"elementor-widget-container\">\n\t\t\t\t\t\t\t\t\t<div class=\"elementor-button-wrapper\">\n\t\t\t\t\t<a class=\"elementor-button elementor-button-link elementor-size-sm\" href=\"https:\/\/www.cinnamon-yoga.com\/en\/online-tunnid\/\">\n\t\t\t\t\t\t<span class=\"elementor-button-content-wrapper\">\n\t\t\t\t\t\t\t\t\t<span class=\"elementor-button-text\">Online joogatunnid leiad siit<\/span>\n\t\t\t\t\t<\/span>\n\t\t\t\t\t<\/a>\n\t\t\t\t<\/div>\n\t\t\t\t\t\t\t\t<\/div>\n\t\t\t\t<\/div>\n\t\t\t\t\t<\/div>\n\t\t\t\t<\/div>\n\t\t\t\t<\/div>","protected":false},"excerpt":{"rendered":"<p>Ait\u00e4h, sinu liitumine \u00f5nnestus. Mul on hea meel, et astusid sammukese l\u00e4hemale paremale tervisele! Saatsime sulle kinnituse e-postile. K\u00fcsimuste korral v\u00f5ta minuga otse \u00fchendust liisianne@cinnamon-yoga.com.Liitumise saad igal ajal ise l\u00f5petada oma konto iseteeninduse lehel. Online joogatunnid leiad siit<\/p>","protected":false},"author":3,"featured_media":0,"parent":0,"menu_order":0,"comment_status":"closed","ping_status":"closed","template":"elementor_header_footer","meta":{"_acf_changed":false,"_surecart_dashboard_logo_width":"180px","_surecart_dashboard_show_logo":true,"_surecart_dashboard_navigation_orders":true,"_surecart_dashboard_navigation_invoices":true,"_surecart_dashboard_navigation_subscriptions":true,"_surecart_dashboard_navigation_downloads":true,"_surecart_dashboard_navigation_billing":true,"_surecart_dashboard_navigation_account":true,"footnotes":""},"class_list":["post-5065","page","type-page","status-publish","hentry"],"acf":[],"_links":{"self":[{"href":"https:\/\/www.cinnamon-yoga.com\/en\/wp-json\/wp\/v2\/pages\/5065","targetHints":{"allow":["GET"]}}],"collection":[{"href":"https:\/\/www.cinnamon-yoga.com\/en\/wp-json\/wp\/v2\/pages"}],"about":[{"href":"https:\/\/www.cinnamon-yoga.com\/en\/wp-json\/wp\/v2\/types\/page"}],"author":[{"embeddable":true,"href":"https:\/\/www.cinnamon-yoga.com\/en\/wp-json\/wp\/v2\/users\/3"}],"replies":[{"embeddable":true,"href":"https:\/\/www.cinnamon-yoga.com\/en\/wp-json\/wp\/v2\/comments?post=5065"}],"version-history":[{"count":5,"href":"https:\/\/www.cinnamon-yoga.com\/en\/wp-json\/wp\/v2\/pages\/5065\/revisions"}],"predecessor-version":[{"id":6785,"href":"https:\/\/www.cinnamon-yoga.com\/en\/wp-json\/wp\/v2\/pages\/5065\/revisions\/6785"}],"wp:attachment":[{"href":"https:\/\/www.cinnamon-yoga.com\/en\/wp-json\/wp\/v2\/media?parent=5065"}],"curies":[{"name":"wp","href":"https:\/\/api.w.org\/{rel}","templated":true}]}}