{"id":5348,"date":"2023-06-30T16:48:52","date_gmt":"2023-06-30T16:48:52","guid":{"rendered":"https:\/\/www.cinnamon-yoga.com\/?page_id=5348"},"modified":"2023-07-03T09:10:51","modified_gmt":"2023-07-03T09:10:51","slug":"aitah-oled-reisil-kirjas","status":"publish","type":"page","link":"https:\/\/www.cinnamon-yoga.com\/en\/sinu-paus-kreetal\/aitah-oled-reisil-kirjas\/","title":{"rendered":"Ait\u00e4h, oled reisil kirjas"},"content":{"rendered":"<div data-elementor-type=\"wp-page\" data-elementor-id=\"5348\" class=\"elementor elementor-5348\" data-elementor-post-type=\"page\">\n\t\t\t\t\t\t<section class=\"elementor-section elementor-top-section elementor-element elementor-element-dc4ee3a elementor-section-full_width elementor-section-stretched elementor-section-height-min-height elementor-section-height-default elementor-section-items-middle\" data-id=\"dc4ee3a\" data-element_type=\"section\" data-e-type=\"section\" data-settings=\"{&quot;stretch_section&quot;:&quot;section-stretched&quot;,&quot;background_background&quot;:&quot;classic&quot;}\">\n\t\t\t\t\t\t<div class=\"elementor-container elementor-column-gap-no\">\n\t\t\t\t\t<div class=\"elementor-column elementor-col-100 elementor-top-column elementor-element elementor-element-ad10323\" data-id=\"ad10323\" data-element_type=\"column\" data-e-type=\"column\" data-settings=\"{&quot;background_background&quot;:&quot;classic&quot;}\">\n\t\t\t<div class=\"elementor-widget-wrap elementor-element-populated\">\n\t\t\t\t\t\t<div class=\"elementor-element elementor-element-bbfd824 elementor-widget elementor-widget-heading\" data-id=\"bbfd824\" data-element_type=\"widget\" data-e-type=\"widget\" data-widget_type=\"heading.default\">\n\t\t\t\t<div class=\"elementor-widget-container\">\n\t\t\t\t\t<h1 class=\"elementor-heading-title elementor-size-default\">Thank you, you're on the list!\n<\/h1>\t\t\t\t<\/div>\n\t\t\t\t<\/div>\n\t\t\t\t<div class=\"elementor-element elementor-element-79ce4b2 elementor-widget elementor-widget-text-editor\" data-id=\"79ce4b2\" data-element_type=\"widget\" data-e-type=\"widget\" data-widget_type=\"text-editor.default\">\n\t\t\t\t<div class=\"elementor-widget-container\">\n\t\t\t\t\t\t\t\t\t<p>I'm delighted that you chose to take time for yourself! Only stepping out of our daily busyness can bring about fresh insights and connection with our deep feelings and wishes.<\/p><p>Soon you will receive from us more information about the event as well as how to pay for it. Your participation is only confirmed after we have received your full payment.<\/p>\t\t\t\t\t\t\t\t<\/div>\n\t\t\t\t<\/div>\n\t\t\t\t<div class=\"elementor-element elementor-element-a3e1492 elementor-widget elementor-widget-text-editor\" data-id=\"a3e1492\" data-element_type=\"widget\" data-e-type=\"widget\" data-widget_type=\"text-editor.default\">\n\t\t\t\t<div class=\"elementor-widget-container\">\n\t\t\t\t\t\t\t\t\t<p>Looking forward to meeting you!<\/p>\t\t\t\t\t\t\t\t<\/div>\n\t\t\t\t<\/div>\n\t\t\t\t<div class=\"elementor-element elementor-element-4f02826 elementor-widget elementor-widget-text-editor\" data-id=\"4f02826\" data-element_type=\"widget\" data-e-type=\"widget\" data-widget_type=\"text-editor.default\">\n\t\t\t\t<div class=\"elementor-widget-container\">\n\t\t\t\t\t\t\t\t\t<p>Your Liisianne<\/p>\t\t\t\t\t\t\t\t<\/div>\n\t\t\t\t<\/div>\n\t\t\t\t<div class=\"elementor-element elementor-element-98eeefb elementor-widget elementor-widget-image\" data-id=\"98eeefb\" data-element_type=\"widget\" data-e-type=\"widget\" data-widget_type=\"image.default\">\n\t\t\t\t<div class=\"elementor-widget-container\">\n\t\t\t\t\t\t\t\t\t\t\t\t\t\t\t<img fetchpriority=\"high\" decoding=\"async\" width=\"1920\" height=\"1280\" src=\"https:\/\/www.cinnamon-yoga.com\/wp-content\/uploads\/2023\/06\/pexels-erik-karits-14506520.jpg\" class=\"attachment-full size-full wp-image-5361\" alt=\"\" srcset=\"https:\/\/www.cinnamon-yoga.com\/wp-content\/uploads\/2023\/06\/pexels-erik-karits-14506520.jpg 1920w, https:\/\/www.cinnamon-yoga.com\/wp-content\/uploads\/2023\/06\/pexels-erik-karits-14506520-300x200.jpg 300w, https:\/\/www.cinnamon-yoga.com\/wp-content\/uploads\/2023\/06\/pexels-erik-karits-14506520-1024x683.jpg 1024w, https:\/\/www.cinnamon-yoga.com\/wp-content\/uploads\/2023\/06\/pexels-erik-karits-14506520-768x512.jpg 768w, https:\/\/www.cinnamon-yoga.com\/wp-content\/uploads\/2023\/06\/pexels-erik-karits-14506520-1536x1024.jpg 1536w, https:\/\/www.cinnamon-yoga.com\/wp-content\/uploads\/2023\/06\/pexels-erik-karits-14506520-18x12.jpg 18w\" sizes=\"(max-width: 1920px) 100vw, 1920px\" \/>\t\t\t\t\t\t\t\t\t\t\t\t\t\t\t<\/div>\n\t\t\t\t<\/div>\n\t\t\t\t<div class=\"elementor-element elementor-element-074a7f6 elementor-widget elementor-widget-text-editor\" data-id=\"074a7f6\" data-element_type=\"widget\" data-e-type=\"widget\" data-widget_type=\"text-editor.default\">\n\t\t\t\t<div class=\"elementor-widget-container\">\n\t\t\t\t\t\t\t\t\t<p>Lisak\u00fcsimuste korral kirjuta mulle otse:<br \/><b>liisianne@cinnamon-yoga.com<\/b><\/p>\t\t\t\t\t\t\t\t<\/div>\n\t\t\t\t<\/div>\n\t\t\t\t\t<\/div>\n\t\t<\/div>\n\t\t\t\t\t<\/div>\n\t\t<\/section>\n\t\t\t\t<\/div>","protected":false},"excerpt":{"rendered":"<p>Ait\u00e4h, oled kirjas! Olen r\u00f5\u00f5mus, et valisid aja iseendale. Ainult argip\u00e4evar\u00fctmist v\u00e4ljas saame kontakti oma s\u00fcgavamate tunnete ja soovidega. Saadame Sulle \u00f5ige pea meilile info, kuidas tasuda ning muud \u00fcrituse detailid. Kindlustad oma koha vaid peale tasumist, kahjuks me ei saa kohti niisama kinni hoida. Peatse kohtumiseni! Sinu Liisianne Lisak\u00fcsimuste korral kirjuta mulle otse:liisianne@cinnamon-yoga.com<\/p>","protected":false},"author":1,"featured_media":0,"parent":5303,"menu_order":0,"comment_status":"closed","ping_status":"closed","template":"elementor_canvas","meta":{"_acf_changed":false,"_surecart_dashboard_logo_width":"180px","_surecart_dashboard_show_logo":true,"_surecart_dashboard_navigation_orders":true,"_surecart_dashboard_navigation_invoices":true,"_surecart_dashboard_navigation_subscriptions":true,"_surecart_dashboard_navigation_downloads":true,"_surecart_dashboard_navigation_billing":true,"_surecart_dashboard_navigation_account":true,"footnotes":""},"class_list":["post-5348","page","type-page","status-publish","hentry"],"acf":[],"_links":{"self":[{"href":"https:\/\/www.cinnamon-yoga.com\/en\/wp-json\/wp\/v2\/pages\/5348","targetHints":{"allow":["GET"]}}],"collection":[{"href":"https:\/\/www.cinnamon-yoga.com\/en\/wp-json\/wp\/v2\/pages"}],"about":[{"href":"https:\/\/www.cinnamon-yoga.com\/en\/wp-json\/wp\/v2\/types\/page"}],"author":[{"embeddable":true,"href":"https:\/\/www.cinnamon-yoga.com\/en\/wp-json\/wp\/v2\/users\/1"}],"replies":[{"embeddable":true,"href":"https:\/\/www.cinnamon-yoga.com\/en\/wp-json\/wp\/v2\/comments?post=5348"}],"version-history":[{"count":5,"href":"https:\/\/www.cinnamon-yoga.com\/en\/wp-json\/wp\/v2\/pages\/5348\/revisions"}],"predecessor-version":[{"id":5381,"href":"https:\/\/www.cinnamon-yoga.com\/en\/wp-json\/wp\/v2\/pages\/5348\/revisions\/5381"}],"up":[{"embeddable":true,"href":"https:\/\/www.cinnamon-yoga.com\/en\/wp-json\/wp\/v2\/pages\/5303"}],"wp:attachment":[{"href":"https:\/\/www.cinnamon-yoga.com\/en\/wp-json\/wp\/v2\/media?parent=5348"}],"curies":[{"name":"wp","href":"https:\/\/api.w.org\/{rel}","templated":true}]}}